{"id":989,"date":"2016-04-22T07:17:03","date_gmt":"2016-04-22T07:17:03","guid":{"rendered":"https:\/\/pixelgrade.com\/demos\/pile2\/?page_id=989"},"modified":"2025-05-25T09:53:25","modified_gmt":"2025-05-25T13:53:25","slug":"contact","status":"publish","type":"page","link":"https:\/\/sylvainperrierfotografi.com\/fr\/contact\/","title":{"rendered":"Contactez-moi"},"content":{"rendered":"<h3 data-start=\"158\" data-end=\"181\"><strong data-start=\"162\" data-end=\"181\">Contactez-moi !<\/strong><\/h3>\n<p data-start=\"183\" data-end=\"350\">Vous avez une id\u00e9e en t\u00eate ? Un projet photo que vous aimeriez concr\u00e9tiser ? Parfait ! Je suis toujours heureux d\u2019\u00e9changer avec des personnes passionn\u00e9es et cr\u00e9atives.<\/p>\n<p data-start=\"352\" data-end=\"581\">N\u2019h\u00e9sitez pas \u00e0 me contacter pour discuter de vos besoins, poser vos questions ou simplement me faire part de votre vision. Une conversation suffit souvent \u00e0 d\u00e9clencher une belle collaboration. Ensemble, donnons vie \u00e0 vos images.<\/p>\n<p data-start=\"583\" data-end=\"615\">\ud83d\udcc5 <strong data-start=\"586\" data-end=\"615\">Sur rendez-vous seulement<\/strong><\/p>\n<p data-start=\"617\" data-end=\"704\">\ud83d\udcde <strong data-start=\"620\" data-end=\"633\">T\u00e9l\u00e9phone<\/strong> : (819) 205-2598<br data-start=\"650\" data-end=\"653\" \/>\ud83d\udce7 <strong data-start=\"656\" data-end=\"668\">Courriel<\/strong> : sylvainperrierfotografi@gmail.com<\/p>","protected":false},"excerpt":{"rendered":"<p>Contactez-moi ! Vous avez une id\u00e9e en t\u00eate ? Un projet photo que vous aimeriez concr\u00e9tiser ? Parfait ! Je suis toujours heureux d\u2019\u00e9changer avec des personnes passionn\u00e9es et cr\u00e9atives. N\u2019h\u00e9sitez pas \u00e0 me contacter pour discuter de vos besoins, poser vos questions ou simplement me faire part de votre vision. Une conversation suffit souvent<\/p>","protected":false},"author":1,"featured_media":9092,"parent":0,"menu_order":3,"comment_status":"closed","ping_status":"closed","template":"","meta":{"footnotes":""},"class_list":["post-989","page","type-page","status-publish","has-post-thumbnail","hentry"],"yoast_head":"<!-- This site is optimized with the Yoast SEO plugin v27.4 - https:\/\/yoast.com\/product\/yoast-seo-wordpress\/ -->\n<title>Contactez-moi - Sylvain Perrier Fotografi<\/title>\n<meta name=\"description\" content=\"Contactez-moi - Sylvain Perrier photographe professionnel de Gatineau et en Outaouais Vous avez une id\u00e9e Vous avez choisi votre projet photo\" \/>\n<meta name=\"robots\" content=\"index, follow, max-snippet:-1, max-image-preview:large, max-video-preview:-1\" \/>\n<link rel=\"canonical\" href=\"https:\/\/sylvainperrierfotografi.com\/fr\/contact\/\" \/>\n<meta property=\"og:locale\" content=\"fr_FR\" \/>\n<meta property=\"og:type\" content=\"article\" \/>\n<meta property=\"og:title\" content=\"Contactez-moi - Sylvain Perrier Fotografi\" \/>\n<meta property=\"og:description\" content=\"Contacter Sylvain Perrier VOUS AVEZ UNE ID\u00c9E Vous avez choisi votre projet photo.\u00a0\u00a0Alors c\u2019est parti ! \u00a0Donc, si vous voulez travailler avec moi...\" \/>\n<meta property=\"og:url\" content=\"https:\/\/sylvainperrierfotografi.com\/fr\/contact\/\" \/>\n<meta property=\"og:site_name\" content=\"Sylvain Perrier Fotografi\" \/>\n<meta property=\"article:publisher\" content=\"https:\/\/www.facebook.com\/SylvainPerrierFotografie\" \/>\n<meta property=\"article:modified_time\" content=\"2025-05-25T13:53:25+00:00\" \/>\n<meta property=\"og:image\" content=\"https:\/\/sylvainperrierfotografi.com\/wp-content\/uploads\/sylvain-perrier-fotografi-contact_s.jpg\" \/>\n\t<meta property=\"og:image:width\" content=\"1476\" \/>\n\t<meta property=\"og:image:height\" content=\"984\" \/>\n\t<meta property=\"og:image:type\" content=\"image\/jpeg\" \/>\n<meta name=\"twitter:card\" content=\"summary_large_image\" \/>\n<meta name=\"twitter:description\" content=\"Contacter Sylvain Perrier VOUS AVEZ UNE ID\u00c9E Vous avez choisi votre projet photo.\u00a0\u00a0Alors c\u2019est parti ! \u00a0Donc, si vous voulez travailler avec moi...\" \/>\n<meta name=\"twitter:site\" content=\"@sylvainxperrier\" \/>\n<meta name=\"twitter:label1\" content=\"Dur\u00e9e de lecture estim\u00e9e\" \/>\n\t<meta name=\"twitter:data1\" content=\"1 minute\" \/>\n<script type=\"application\/ld+json\" class=\"yoast-schema-graph\">{\"@context\":\"https:\\\/\\\/schema.org\",\"@graph\":[{\"@type\":\"WebPage\",\"@id\":\"https:\\\/\\\/sylvainperrierfotografi.com\\\/contact\\\/\",\"url\":\"https:\\\/\\\/sylvainperrierfotografi.com\\\/contact\\\/\",\"name\":\"Contactez-moi - Sylvain Perrier Fotografi\",\"isPartOf\":{\"@id\":\"https:\\\/\\\/sylvainperrierfotografi.com\\\/#website\"},\"primaryImageOfPage\":{\"@id\":\"https:\\\/\\\/sylvainperrierfotografi.com\\\/contact\\\/#primaryimage\"},\"image\":{\"@id\":\"https:\\\/\\\/sylvainperrierfotografi.com\\\/contact\\\/#primaryimage\"},\"thumbnailUrl\":\"https:\\\/\\\/sylvainperrierfotografi.com\\\/wp-content\\\/uploads\\\/sylvain-perrier-fotografi-contact_s.jpg\",\"datePublished\":\"2016-04-22T07:17:03+00:00\",\"dateModified\":\"2025-05-25T13:53:25+00:00\",\"description\":\"Contactez-moi - Sylvain Perrier photographe professionnel de Gatineau et en Outaouais Vous avez une id\u00e9e Vous avez choisi votre projet photo\",\"breadcrumb\":{\"@id\":\"https:\\\/\\\/sylvainperrierfotografi.com\\\/contact\\\/#breadcrumb\"},\"inLanguage\":\"fr-FR\",\"potentialAction\":[{\"@type\":\"ReadAction\",\"target\":[\"https:\\\/\\\/sylvainperrierfotografi.com\\\/contact\\\/\"]}]},{\"@type\":\"ImageObject\",\"inLanguage\":\"fr-FR\",\"@id\":\"https:\\\/\\\/sylvainperrierfotografi.com\\\/contact\\\/#primaryimage\",\"url\":\"https:\\\/\\\/sylvainperrierfotografi.com\\\/wp-content\\\/uploads\\\/sylvain-perrier-fotografi-contact_s.jpg\",\"contentUrl\":\"https:\\\/\\\/sylvainperrierfotografi.com\\\/wp-content\\\/uploads\\\/sylvain-perrier-fotografi-contact_s.jpg\",\"width\":1476,\"height\":984},{\"@type\":\"BreadcrumbList\",\"@id\":\"https:\\\/\\\/sylvainperrierfotografi.com\\\/contact\\\/#breadcrumb\",\"itemListElement\":[{\"@type\":\"ListItem\",\"position\":1,\"name\":\"Accueil\",\"item\":\"https:\\\/\\\/sylvainperrierfotografi.com\\\/\"},{\"@type\":\"ListItem\",\"position\":2,\"name\":\"Contactez-moi\"}]},{\"@type\":\"WebSite\",\"@id\":\"https:\\\/\\\/sylvainperrierfotografi.com\\\/#website\",\"url\":\"https:\\\/\\\/sylvainperrierfotografi.com\\\/\",\"name\":\"Sylvain Perrier Fotografi\",\"description\":\"Photographie d\u2019auteur. Vision. Expositions. Distinctions.\",\"publisher\":{\"@id\":\"https:\\\/\\\/sylvainperrierfotografi.com\\\/#\\\/schema\\\/person\\\/16a1e3413a02f0d0c651c262fda244aa\"},\"potentialAction\":[{\"@type\":\"SearchAction\",\"target\":{\"@type\":\"EntryPoint\",\"urlTemplate\":\"https:\\\/\\\/sylvainperrierfotografi.com\\\/?s={search_term_string}\"},\"query-input\":{\"@type\":\"PropertyValueSpecification\",\"valueRequired\":true,\"valueName\":\"search_term_string\"}}],\"inLanguage\":\"fr-FR\"},{\"@type\":[\"Person\",\"Organization\"],\"@id\":\"https:\\\/\\\/sylvainperrierfotografi.com\\\/#\\\/schema\\\/person\\\/16a1e3413a02f0d0c651c262fda244aa\",\"name\":\"Sylvain Perrier\",\"image\":{\"@type\":\"ImageObject\",\"inLanguage\":\"fr-FR\",\"@id\":\"https:\\\/\\\/i0.wp.com\\\/sylvainperrierfotografi.com\\\/wp-content\\\/uploads\\\/cropped-logo.jpg?fit=512%2C512&ssl=1\",\"url\":\"https:\\\/\\\/i0.wp.com\\\/sylvainperrierfotografi.com\\\/wp-content\\\/uploads\\\/cropped-logo.jpg?fit=512%2C512&ssl=1\",\"contentUrl\":\"https:\\\/\\\/i0.wp.com\\\/sylvainperrierfotografi.com\\\/wp-content\\\/uploads\\\/cropped-logo.jpg?fit=512%2C512&ssl=1\",\"width\":512,\"height\":512,\"caption\":\"Sylvain Perrier\"},\"logo\":{\"@id\":\"https:\\\/\\\/i0.wp.com\\\/sylvainperrierfotografi.com\\\/wp-content\\\/uploads\\\/cropped-logo.jpg?fit=512%2C512&ssl=1\"},\"sameAs\":[\"http:\\\/\\\/sylvainperrierfotografi.com\",\"https:\\\/\\\/www.facebook.com\\\/SylvainPerrierFotografie\",\"https:\\\/\\\/www.instagram.com\\\/sylvainperrierfotografi\\\/\",\"https:\\\/\\\/www.pinterest.ca\\\/sylvain_perrier\\\/\",\"https:\\\/\\\/x.com\\\/sylvainxperrier\",\"https:\\\/\\\/myspace.com\\\/sylvainperrierfotografi\",\"https:\\\/\\\/www.youtube.com\\\/user\\\/lencadreursylvain\\\/\",\"https:\\\/\\\/soundcloud.com\\\/user-784627165\",\"https:\\\/\\\/www.tumblr.com\\\/blog\\\/sylvainperrierfotografi\"]}]}<\/script>\n<!-- \/ Yoast SEO plugin. -->","yoast_head_json":{"title":"Contactez-moi - Sylvain Perrier Fotografi","description":"Contactez-moi - Sylvain Perrier photographe professionnel de Gatineau et en Outaouais Vous avez une id\u00e9e Vous avez choisi votre projet photo","robots":{"index":"index","follow":"follow","max-snippet":"max-snippet:-1","max-image-preview":"max-image-preview:large","max-video-preview":"max-video-preview:-1"},"canonical":"https:\/\/sylvainperrierfotografi.com\/fr\/contact\/","og_locale":"fr_FR","og_type":"article","og_title":"Contactez-moi - Sylvain Perrier Fotografi","og_description":"Contacter Sylvain Perrier VOUS AVEZ UNE ID\u00c9E Vous avez choisi votre projet photo.\u00a0\u00a0Alors c\u2019est parti ! \u00a0Donc, si vous voulez travailler avec moi...","og_url":"https:\/\/sylvainperrierfotografi.com\/fr\/contact\/","og_site_name":"Sylvain Perrier Fotografi","article_publisher":"https:\/\/www.facebook.com\/SylvainPerrierFotografie","article_modified_time":"2025-05-25T13:53:25+00:00","og_image":[{"width":1476,"height":984,"url":"https:\/\/sylvainperrierfotografi.com\/wp-content\/uploads\/sylvain-perrier-fotografi-contact_s.jpg","type":"image\/jpeg"}],"twitter_card":"summary_large_image","twitter_description":"Contacter Sylvain Perrier VOUS AVEZ UNE ID\u00c9E Vous avez choisi votre projet photo.\u00a0\u00a0Alors c\u2019est parti ! \u00a0Donc, si vous voulez travailler avec moi...","twitter_site":"@sylvainxperrier","twitter_misc":{"Dur\u00e9e de lecture estim\u00e9e":"1 minute"},"schema":{"@context":"https:\/\/schema.org","@graph":[{"@type":"WebPage","@id":"https:\/\/sylvainperrierfotografi.com\/contact\/","url":"https:\/\/sylvainperrierfotografi.com\/contact\/","name":"Contactez-moi - Sylvain Perrier Fotografi","isPartOf":{"@id":"https:\/\/sylvainperrierfotografi.com\/#website"},"primaryImageOfPage":{"@id":"https:\/\/sylvainperrierfotografi.com\/contact\/#primaryimage"},"image":{"@id":"https:\/\/sylvainperrierfotografi.com\/contact\/#primaryimage"},"thumbnailUrl":"https:\/\/sylvainperrierfotografi.com\/wp-content\/uploads\/sylvain-perrier-fotografi-contact_s.jpg","datePublished":"2016-04-22T07:17:03+00:00","dateModified":"2025-05-25T13:53:25+00:00","description":"Contactez-moi - Sylvain Perrier photographe professionnel de Gatineau et en Outaouais Vous avez une id\u00e9e Vous avez choisi votre projet photo","breadcrumb":{"@id":"https:\/\/sylvainperrierfotografi.com\/contact\/#breadcrumb"},"inLanguage":"fr-FR","potentialAction":[{"@type":"ReadAction","target":["https:\/\/sylvainperrierfotografi.com\/contact\/"]}]},{"@type":"ImageObject","inLanguage":"fr-FR","@id":"https:\/\/sylvainperrierfotografi.com\/contact\/#primaryimage","url":"https:\/\/sylvainperrierfotografi.com\/wp-content\/uploads\/sylvain-perrier-fotografi-contact_s.jpg","contentUrl":"https:\/\/sylvainperrierfotografi.com\/wp-content\/uploads\/sylvain-perrier-fotografi-contact_s.jpg","width":1476,"height":984},{"@type":"BreadcrumbList","@id":"https:\/\/sylvainperrierfotografi.com\/contact\/#breadcrumb","itemListElement":[{"@type":"ListItem","position":1,"name":"Accueil","item":"https:\/\/sylvainperrierfotografi.com\/"},{"@type":"ListItem","position":2,"name":"Contactez-moi"}]},{"@type":"WebSite","@id":"https:\/\/sylvainperrierfotografi.com\/#website","url":"https:\/\/sylvainperrierfotografi.com\/","name":"Sylvain Perrier Fotografi","description":"Photographie d\u2019auteur. Vision. Expositions. Distinctions.","publisher":{"@id":"https:\/\/sylvainperrierfotografi.com\/#\/schema\/person\/16a1e3413a02f0d0c651c262fda244aa"},"potentialAction":[{"@type":"SearchAction","target":{"@type":"EntryPoint","urlTemplate":"https:\/\/sylvainperrierfotografi.com\/?s={search_term_string}"},"query-input":{"@type":"PropertyValueSpecification","valueRequired":true,"valueName":"search_term_string"}}],"inLanguage":"fr-FR"},{"@type":["Person","Organization"],"@id":"https:\/\/sylvainperrierfotografi.com\/#\/schema\/person\/16a1e3413a02f0d0c651c262fda244aa","name":"Sylvain Perrier","image":{"@type":"ImageObject","inLanguage":"fr-FR","@id":"https:\/\/i0.wp.com\/sylvainperrierfotografi.com\/wp-content\/uploads\/cropped-logo.jpg?fit=512%2C512&ssl=1","url":"https:\/\/i0.wp.com\/sylvainperrierfotografi.com\/wp-content\/uploads\/cropped-logo.jpg?fit=512%2C512&ssl=1","contentUrl":"https:\/\/i0.wp.com\/sylvainperrierfotografi.com\/wp-content\/uploads\/cropped-logo.jpg?fit=512%2C512&ssl=1","width":512,"height":512,"caption":"Sylvain Perrier"},"logo":{"@id":"https:\/\/i0.wp.com\/sylvainperrierfotografi.com\/wp-content\/uploads\/cropped-logo.jpg?fit=512%2C512&ssl=1"},"sameAs":["http:\/\/sylvainperrierfotografi.com","https:\/\/www.facebook.com\/SylvainPerrierFotografie","https:\/\/www.instagram.com\/sylvainperrierfotografi\/","https:\/\/www.pinterest.ca\/sylvain_perrier\/","https:\/\/x.com\/sylvainxperrier","https:\/\/myspace.com\/sylvainperrierfotografi","https:\/\/www.youtube.com\/user\/lencadreursylvain\/","https:\/\/soundcloud.com\/user-784627165","https:\/\/www.tumblr.com\/blog\/sylvainperrierfotografi"]}]}},"jetpack_sharing_enabled":true,"jetpack-related-posts":[{"id":9984,"url":"https:\/\/sylvainperrierfotografi.com\/fr\/a-propos-tarifs\/","url_meta":{"origin":989,"position":0},"title":"\u00c0 propos des tarifs","author":"Sylvain Perrier","date":"20 juillet 2020","format":false,"excerpt":"\u00c0 Propos de mes Tarifs de Photographie Je suis d\u00e9termin\u00e9 \u00e0 vous fournir bien plus qu'un simple service de photographie exceptionnel. Mon engagement consiste \u00e0 vous accompagner \u00e0 chaque \u00e9tape de votre projet, en vous offrant des r\u00e9sultats visuels remarquables et un accompagnement sur-mesure, quelles que soient vos attentes en\u2026","rel":"","context":"Article similaire","block_context":{"text":"Article similaire","link":""},"img":{"alt_text":"","src":"https:\/\/i0.wp.com\/sylvainperrierfotografi.com\/wp-content\/uploads\/faq.jpg?resize=350%2C200&ssl=1","width":350,"height":200,"srcset":"https:\/\/i0.wp.com\/sylvainperrierfotografi.com\/wp-content\/uploads\/faq.jpg?resize=350%2C200&ssl=1 1x, https:\/\/i0.wp.com\/sylvainperrierfotografi.com\/wp-content\/uploads\/faq.jpg?resize=525%2C300&ssl=1 1.5x, https:\/\/i0.wp.com\/sylvainperrierfotografi.com\/wp-content\/uploads\/faq.jpg?resize=700%2C400&ssl=1 2x, https:\/\/i0.wp.com\/sylvainperrierfotografi.com\/wp-content\/uploads\/faq.jpg?resize=1050%2C600&ssl=1 3x, https:\/\/i0.wp.com\/sylvainperrierfotografi.com\/wp-content\/uploads\/faq.jpg?resize=1400%2C800&ssl=1 4x"},"classes":[]},{"id":10132,"url":"https:\/\/sylvainperrierfotografi.com\/fr\/une-seance-photo-comment-ca-marche-avec-sylvain-perrier-fotografi\/","url_meta":{"origin":989,"position":1},"title":"Une s\u00e9ance photo &#8211; comment \u00e7a marche","author":"Sylvain Perrier","date":"22 juillet 2020","format":false,"excerpt":"Une s\u00e9ance photo - comment \u00e7a marche Une s\u00e9ance photo - comment \u00e7a marche :\u00a0Une s\u00e9ance photo avec Sylvain Perrier est une invitation \u00e0 plonger dans un monde o\u00f9 chaque clich\u00e9 raconte une histoire unique. La pr\u00e9paration est la cl\u00e9 d'une s\u00e9ance r\u00e9ussie, o\u00f9 votre personnalit\u00e9 et vos pr\u00e9f\u00e9rences donnent\u2026","rel":"","context":"Article similaire","block_context":{"text":"Article similaire","link":""},"img":{"alt_text":"","src":"https:\/\/i0.wp.com\/sylvainperrierfotografi.com\/wp-content\/uploads\/faq.jpg?resize=350%2C200&ssl=1","width":350,"height":200,"srcset":"https:\/\/i0.wp.com\/sylvainperrierfotografi.com\/wp-content\/uploads\/faq.jpg?resize=350%2C200&ssl=1 1x, https:\/\/i0.wp.com\/sylvainperrierfotografi.com\/wp-content\/uploads\/faq.jpg?resize=525%2C300&ssl=1 1.5x, https:\/\/i0.wp.com\/sylvainperrierfotografi.com\/wp-content\/uploads\/faq.jpg?resize=700%2C400&ssl=1 2x, https:\/\/i0.wp.com\/sylvainperrierfotografi.com\/wp-content\/uploads\/faq.jpg?resize=1050%2C600&ssl=1 3x, https:\/\/i0.wp.com\/sylvainperrierfotografi.com\/wp-content\/uploads\/faq.jpg?resize=1400%2C800&ssl=1 4x"},"classes":[]},{"id":921,"url":"https:\/\/sylvainperrierfotografi.com\/fr\/sylvain-perrier-photographe-professionnel-a-gatineau\/","url_meta":{"origin":989,"position":2},"title":"Sylvain Perrier \u2014 Photographe d\u2019auteur bas\u00e9 \u00e0 Gatineau","author":"Sylvain Perrier","date":"12 avril 2016","format":false,"excerpt":"\u00c0 propos de Sylvain Perrier \u2014 Photographe d\u2019auteur bas\u00e9 \u00e0 Gatineau Je suis Sylvain Perrier, photographe qu\u00e9b\u00e9cois passionn\u00e9, originaire de Luskville et \u00e9tabli \u00e0 Gatineau. Depuis plus d\u2019une d\u00e9cennie, je vis la photographie comme une aventure humaine et artistique, o\u00f9 chaque projet est un pr\u00e9texte \u00e0 l\u2019\u00e9motion, \u00e0 l\u2019observation et\u2026","rel":"","context":"Article similaire","block_context":{"text":"Article similaire","link":""},"img":{"alt_text":"Sylvain Perrier Photographe Professionnel \u00e0 Gatineau","src":"https:\/\/i0.wp.com\/sylvainperrierfotografi.com\/wp-content\/uploads\/sylvain-perrier-scaled.jpg?resize=350%2C200&ssl=1","width":350,"height":200,"srcset":"https:\/\/i0.wp.com\/sylvainperrierfotografi.com\/wp-content\/uploads\/sylvain-perrier-scaled.jpg?resize=350%2C200&ssl=1 1x, https:\/\/i0.wp.com\/sylvainperrierfotografi.com\/wp-content\/uploads\/sylvain-perrier-scaled.jpg?resize=525%2C300&ssl=1 1.5x, https:\/\/i0.wp.com\/sylvainperrierfotografi.com\/wp-content\/uploads\/sylvain-perrier-scaled.jpg?resize=700%2C400&ssl=1 2x, https:\/\/i0.wp.com\/sylvainperrierfotografi.com\/wp-content\/uploads\/sylvain-perrier-scaled.jpg?resize=1050%2C600&ssl=1 3x, https:\/\/i0.wp.com\/sylvainperrierfotografi.com\/wp-content\/uploads\/sylvain-perrier-scaled.jpg?resize=1400%2C800&ssl=1 4x"},"classes":[]},{"id":712,"url":"https:\/\/sylvainperrierfotografi.com\/fr\/","url_meta":{"origin":989,"position":3},"title":"Sylvain Perrier Fotografi","author":"Sylvain Perrier","date":"6 avril 2016","format":false,"excerpt":"Bienvenue sur Sylvain Perrier Fotografi, un espace d\u00e9di\u00e9 \u00e0 mes accomplissements photographiques et projets artistiques. Vous y trouverez un aper\u00e7u de mes expositions \u00e0 l\u2019international, de mes publications, ainsi que de mes distinctions, dont une exposition au Carrousel du Louvre \u00e0 Paris. Ce site agit \u00e9galement comme un carrefour vers\u2026","rel":"","context":"Article similaire","block_context":{"text":"Article similaire","link":""},"img":{"alt_text":"","src":"https:\/\/i0.wp.com\/sylvainperrierfotografi.com\/wp-content\/uploads\/photographe-professionnel-gatineau-sylvain-perrier.jpg?resize=350%2C200&ssl=1","width":350,"height":200,"srcset":"https:\/\/i0.wp.com\/sylvainperrierfotografi.com\/wp-content\/uploads\/photographe-professionnel-gatineau-sylvain-perrier.jpg?resize=350%2C200&ssl=1 1x, https:\/\/i0.wp.com\/sylvainperrierfotografi.com\/wp-content\/uploads\/photographe-professionnel-gatineau-sylvain-perrier.jpg?resize=525%2C300&ssl=1 1.5x, https:\/\/i0.wp.com\/sylvainperrierfotografi.com\/wp-content\/uploads\/photographe-professionnel-gatineau-sylvain-perrier.jpg?resize=700%2C400&ssl=1 2x, https:\/\/i0.wp.com\/sylvainperrierfotografi.com\/wp-content\/uploads\/photographe-professionnel-gatineau-sylvain-perrier.jpg?resize=1050%2C600&ssl=1 3x, https:\/\/i0.wp.com\/sylvainperrierfotografi.com\/wp-content\/uploads\/photographe-professionnel-gatineau-sylvain-perrier.jpg?resize=1400%2C800&ssl=1 4x"},"classes":[]}],"_links":{"self":[{"href":"https:\/\/sylvainperrierfotografi.com\/fr\/wp-json\/wp\/v2\/pages\/989","targetHints":{"allow":["GET"]}}],"collection":[{"href":"https:\/\/sylvainperrierfotografi.com\/fr\/wp-json\/wp\/v2\/pages"}],"about":[{"href":"https:\/\/sylvainperrierfotografi.com\/fr\/wp-json\/wp\/v2\/types\/page"}],"author":[{"embeddable":true,"href":"https:\/\/sylvainperrierfotografi.com\/fr\/wp-json\/wp\/v2\/users\/1"}],"replies":[{"embeddable":true,"href":"https:\/\/sylvainperrierfotografi.com\/fr\/wp-json\/wp\/v2\/comments?post=989"}],"version-history":[{"count":29,"href":"https:\/\/sylvainperrierfotografi.com\/fr\/wp-json\/wp\/v2\/pages\/989\/revisions"}],"predecessor-version":[{"id":13347,"href":"https:\/\/sylvainperrierfotografi.com\/fr\/wp-json\/wp\/v2\/pages\/989\/revisions\/13347"}],"wp:featuredmedia":[{"embeddable":true,"href":"https:\/\/sylvainperrierfotografi.com\/fr\/wp-json\/wp\/v2\/media\/9092"}],"wp:attachment":[{"href":"https:\/\/sylvainperrierfotografi.com\/fr\/wp-json\/wp\/v2\/media?parent=989"}],"curies":[{"name":"wp","href":"https:\/\/api.w.org\/{rel}","templated":true}]}}