{"id":712,"date":"2016-04-06T13:00:40","date_gmt":"2016-04-06T13:00:40","guid":{"rendered":"https:\/\/pixelgrade.com\/demos\/pile2\/?page_id=712"},"modified":"2025-05-24T21:14:33","modified_gmt":"2025-05-25T01:14:33","slug":"sylvain-perrier-fotografi","status":"publish","type":"page","link":"https:\/\/sylvainperrierfotografi.com\/fr\/","title":{"rendered":"Sylvain Perrier Fotografi"},"content":{"rendered":"<p><a href=\"https:\/\/sylvainperrierfotografi.com\/fr\/pile_portfolio\/magazines-de-renommee-mondiale\/\" target=\"_blank\" rel=\"noopener\"><img loading=\"lazy\" decoding=\"async\" data-attachment-id=\"12909\" data-permalink=\"https:\/\/sylvainperrierfotografi.com\/fr\/sylvain-perrier-fotografi\/magasine\/\" data-orig-file=\"https:\/\/sylvainperrierfotografi.com\/wp-content\/uploads\/magasine-scaled.jpg\" data-orig-size=\"2560,86\" data-comments-opened=\"0\" data-image-meta=\"{&quot;aperture&quot;:&quot;0&quot;,&quot;credit&quot;:&quot;&quot;,&quot;camera&quot;:&quot;&quot;,&quot;caption&quot;:&quot;&quot;,&quot;created_timestamp&quot;:&quot;0&quot;,&quot;copyright&quot;:&quot;&quot;,&quot;focal_length&quot;:&quot;0&quot;,&quot;iso&quot;:&quot;0&quot;,&quot;shutter_speed&quot;:&quot;0&quot;,&quot;title&quot;:&quot;&quot;,&quot;orientation&quot;:&quot;0&quot;}\" data-image-title=\"Sylvain Perrier Fotografi\" data-image-description=\"&lt;p&gt;Sylvain Perrier Fotografi&lt;\/p&gt;\" data-image-caption=\"\" data-large-file=\"https:\/\/sylvainperrierfotografi.com\/wp-content\/uploads\/magasine-1920x65.jpg\" class=\"aligncenter size-full wp-image-12909\" src=\"https:\/\/sylvainperrierfotografi.com\/wp-content\/uploads\/magasine-scaled.jpg\" alt=\"Sylvain Perrier Photographes\" width=\"2560\" height=\"86\" srcset=\"https:\/\/sylvainperrierfotografi.com\/wp-content\/uploads\/magasine-scaled.jpg 2560w, https:\/\/sylvainperrierfotografi.com\/wp-content\/uploads\/magasine-400x13.jpg 400w, https:\/\/sylvainperrierfotografi.com\/wp-content\/uploads\/magasine-1920x65.jpg 1920w, https:\/\/sylvainperrierfotografi.com\/wp-content\/uploads\/magasine-768x26.jpg 768w, https:\/\/sylvainperrierfotografi.com\/wp-content\/uploads\/magasine-1536x52.jpg 1536w, https:\/\/sylvainperrierfotografi.com\/wp-content\/uploads\/magasine-2048x69.jpg 2048w, https:\/\/sylvainperrierfotografi.com\/wp-content\/uploads\/magasine-18x1.jpg 18w, https:\/\/sylvainperrierfotografi.com\/wp-content\/uploads\/magasine-1200x40.jpg 1200w, https:\/\/sylvainperrierfotografi.com\/wp-content\/uploads\/magasine-700x24.jpg 700w, https:\/\/sylvainperrierfotografi.com\/wp-content\/uploads\/magasine-385x13.jpg 385w\" sizes=\"auto, (max-width: 2560px) 100vw, 2560px\" \/><\/a><\/p>\n<p style=\"text-align: justify;\">Bienvenue sur Sylvain Perrier Fotografi, un espace d\u00e9di\u00e9 \u00e0 mes accomplissements photographiques et projets artistiques. Vous y trouverez un aper\u00e7u de mes expositions \u00e0 l\u2019international, de mes publications, ainsi que de mes distinctions, dont une exposition au Carrousel du Louvre \u00e0 Paris. Ce site agit \u00e9galement comme un carrefour vers mes autres plateformes, telles que mon blog, mon acad\u00e9mie, mon studio et mes portfolios, chacune illustrant une facette unique de mon univers visuel. Bonne visite !<\/p>","protected":false},"excerpt":{"rendered":"<p>Bienvenue sur Sylvain Perrier Fotografi, un espace d\u00e9di\u00e9 \u00e0 mes accomplissements photographiques et projets artistiques. Vous y trouverez un aper\u00e7u de mes expositions \u00e0 l\u2019international, de mes publications, ainsi que de mes distinctions, dont une exposition au Carrousel du Louvre \u00e0 Paris. Ce site agit \u00e9galement comme un carrefour vers mes autres plateformes, telles que<\/p>","protected":false},"author":1,"featured_media":12910,"parent":0,"menu_order":1,"comment_status":"closed","ping_status":"closed","template":"page-templates\/portfolio-archive.php","meta":{"footnotes":""},"class_list":["post-712","page","type-page","status-publish","has-post-thumbnail","hentry"],"yoast_head":"<!-- This site is optimized with the Yoast SEO plugin v27.4 - https:\/\/yoast.com\/product\/yoast-seo-wordpress\/ -->\n<title>Sylvain Perrier Fotografi - Sylvain Perrier Fotografi<\/title>\n<meta name=\"description\" content=\"Sylvain Perrier Fotografi Photographe Professionnel \u00e0 Gatineau, services pour particuliers et des services complets pour entreprises.\" \/>\n<meta name=\"robots\" content=\"index, follow, max-snippet:-1, max-image-preview:large, max-video-preview:-1\" \/>\n<link rel=\"canonical\" href=\"https:\/\/sylvainperrierfotografi.com\/fr\/\" \/>\n<meta property=\"og:locale\" content=\"fr_FR\" \/>\n<meta property=\"og:type\" content=\"article\" \/>\n<meta property=\"og:title\" content=\"Sylvain Perrier Fotografi\" \/>\n<meta property=\"og:description\" content=\"Photographe imaginaire Lorsque je regarde dans mon viseur, je rentre rapidement dans un monde imaginaire avec des personnages et des histoires qui s\u2019engendrent, \u00e0 ce moment-l\u00e0 mon cerveau se met \u00e0 cr\u00e9er.\" \/>\n<meta property=\"og:url\" content=\"https:\/\/sylvainperrierfotografi.com\/fr\/\" \/>\n<meta property=\"og:site_name\" content=\"Sylvain Perrier Fotografi\" \/>\n<meta property=\"article:publisher\" content=\"https:\/\/www.facebook.com\/SylvainPerrierFotografie\" \/>\n<meta property=\"article:modified_time\" content=\"2025-05-25T01:14:33+00:00\" \/>\n<meta name=\"twitter:card\" content=\"summary_large_image\" \/>\n<meta name=\"twitter:image\" content=\"https:\/\/sylvainperrierfotografi.com\/wp-content\/uploads\/photographe-professionnel-gatineau-sylvain-perrier.jpg\" \/>\n<meta name=\"twitter:site\" content=\"@sylvainxperrier\" \/>\n<meta name=\"twitter:label1\" content=\"Dur\u00e9e de lecture estim\u00e9e\" \/>\n\t<meta name=\"twitter:data1\" content=\"1 minute\" \/>\n<script type=\"application\/ld+json\" class=\"yoast-schema-graph\">{\"@context\":\"https:\\\/\\\/schema.org\",\"@graph\":[{\"@type\":\"WebPage\",\"@id\":\"https:\\\/\\\/sylvainperrierfotografi.com\\\/\",\"url\":\"https:\\\/\\\/sylvainperrierfotografi.com\\\/\",\"name\":\"Sylvain Perrier Fotografi - Sylvain Perrier Fotografi\",\"isPartOf\":{\"@id\":\"https:\\\/\\\/sylvainperrierfotografi.com\\\/#website\"},\"primaryImageOfPage\":{\"@id\":\"https:\\\/\\\/sylvainperrierfotografi.com\\\/#primaryimage\"},\"image\":{\"@id\":\"https:\\\/\\\/sylvainperrierfotografi.com\\\/#primaryimage\"},\"thumbnailUrl\":\"https:\\\/\\\/sylvainperrierfotografi.com\\\/wp-content\\\/uploads\\\/photographe-professionnel-gatineau-sylvain-perrier.jpg\",\"datePublished\":\"2016-04-06T13:00:40+00:00\",\"dateModified\":\"2025-05-25T01:14:33+00:00\",\"description\":\"Sylvain Perrier Fotografi Photographe Professionnel \u00e0 Gatineau, services pour particuliers et des services complets pour entreprises.\",\"breadcrumb\":{\"@id\":\"https:\\\/\\\/sylvainperrierfotografi.com\\\/#breadcrumb\"},\"inLanguage\":\"fr-FR\",\"potentialAction\":[{\"@type\":\"ReadAction\",\"target\":[\"https:\\\/\\\/sylvainperrierfotografi.com\\\/\"]}]},{\"@type\":\"ImageObject\",\"inLanguage\":\"fr-FR\",\"@id\":\"https:\\\/\\\/sylvainperrierfotografi.com\\\/#primaryimage\",\"url\":\"https:\\\/\\\/sylvainperrierfotografi.com\\\/wp-content\\\/uploads\\\/photographe-professionnel-gatineau-sylvain-perrier.jpg\",\"contentUrl\":\"https:\\\/\\\/sylvainperrierfotografi.com\\\/wp-content\\\/uploads\\\/photographe-professionnel-gatineau-sylvain-perrier.jpg\",\"width\":1534,\"height\":1533},{\"@type\":\"BreadcrumbList\",\"@id\":\"https:\\\/\\\/sylvainperrierfotografi.com\\\/#breadcrumb\",\"itemListElement\":[{\"@type\":\"ListItem\",\"position\":1,\"name\":\"Accueil\",\"item\":\"https:\\\/\\\/sylvainperrierfotografi.com\\\/\"},{\"@type\":\"ListItem\",\"position\":2,\"name\":\"Sylvain Perrier Fotografi\"}]},{\"@type\":\"WebSite\",\"@id\":\"https:\\\/\\\/sylvainperrierfotografi.com\\\/#website\",\"url\":\"https:\\\/\\\/sylvainperrierfotografi.com\\\/\",\"name\":\"Sylvain Perrier Fotografi\",\"description\":\"Photographie d\u2019auteur. Vision. Expositions. Distinctions.\",\"publisher\":{\"@id\":\"https:\\\/\\\/sylvainperrierfotografi.com\\\/#\\\/schema\\\/person\\\/16a1e3413a02f0d0c651c262fda244aa\"},\"potentialAction\":[{\"@type\":\"SearchAction\",\"target\":{\"@type\":\"EntryPoint\",\"urlTemplate\":\"https:\\\/\\\/sylvainperrierfotografi.com\\\/?s={search_term_string}\"},\"query-input\":{\"@type\":\"PropertyValueSpecification\",\"valueRequired\":true,\"valueName\":\"search_term_string\"}}],\"inLanguage\":\"fr-FR\"},{\"@type\":[\"Person\",\"Organization\"],\"@id\":\"https:\\\/\\\/sylvainperrierfotografi.com\\\/#\\\/schema\\\/person\\\/16a1e3413a02f0d0c651c262fda244aa\",\"name\":\"Sylvain Perrier\",\"image\":{\"@type\":\"ImageObject\",\"inLanguage\":\"fr-FR\",\"@id\":\"https:\\\/\\\/i0.wp.com\\\/sylvainperrierfotografi.com\\\/wp-content\\\/uploads\\\/cropped-logo.jpg?fit=512%2C512&ssl=1\",\"url\":\"https:\\\/\\\/i0.wp.com\\\/sylvainperrierfotografi.com\\\/wp-content\\\/uploads\\\/cropped-logo.jpg?fit=512%2C512&ssl=1\",\"contentUrl\":\"https:\\\/\\\/i0.wp.com\\\/sylvainperrierfotografi.com\\\/wp-content\\\/uploads\\\/cropped-logo.jpg?fit=512%2C512&ssl=1\",\"width\":512,\"height\":512,\"caption\":\"Sylvain Perrier\"},\"logo\":{\"@id\":\"https:\\\/\\\/i0.wp.com\\\/sylvainperrierfotografi.com\\\/wp-content\\\/uploads\\\/cropped-logo.jpg?fit=512%2C512&ssl=1\"},\"sameAs\":[\"http:\\\/\\\/sylvainperrierfotografi.com\",\"https:\\\/\\\/www.facebook.com\\\/SylvainPerrierFotografie\",\"https:\\\/\\\/www.instagram.com\\\/sylvainperrierfotografi\\\/\",\"https:\\\/\\\/www.pinterest.ca\\\/sylvain_perrier\\\/\",\"https:\\\/\\\/x.com\\\/sylvainxperrier\",\"https:\\\/\\\/myspace.com\\\/sylvainperrierfotografi\",\"https:\\\/\\\/www.youtube.com\\\/user\\\/lencadreursylvain\\\/\",\"https:\\\/\\\/soundcloud.com\\\/user-784627165\",\"https:\\\/\\\/www.tumblr.com\\\/blog\\\/sylvainperrierfotografi\"]}]}<\/script>\n<!-- \/ Yoast SEO plugin. -->","yoast_head_json":{"title":"Sylvain Perrier Fotografi - Sylvain Perrier Fotografi","description":"Sylvain Perrier Fotografi Photographe Professionnel \u00e0 Gatineau, services pour particuliers et des services complets pour entreprises.","robots":{"index":"index","follow":"follow","max-snippet":"max-snippet:-1","max-image-preview":"max-image-preview:large","max-video-preview":"max-video-preview:-1"},"canonical":"https:\/\/sylvainperrierfotografi.com\/fr\/","og_locale":"fr_FR","og_type":"article","og_title":"Sylvain Perrier Fotografi","og_description":"Photographe imaginaire Lorsque je regarde dans mon viseur, je rentre rapidement dans un monde imaginaire avec des personnages et des histoires qui s\u2019engendrent, \u00e0 ce moment-l\u00e0 mon cerveau se met \u00e0 cr\u00e9er.","og_url":"https:\/\/sylvainperrierfotografi.com\/fr\/","og_site_name":"Sylvain Perrier Fotografi","article_publisher":"https:\/\/www.facebook.com\/SylvainPerrierFotografie","article_modified_time":"2025-05-25T01:14:33+00:00","twitter_card":"summary_large_image","twitter_image":"https:\/\/sylvainperrierfotografi.com\/wp-content\/uploads\/photographe-professionnel-gatineau-sylvain-perrier.jpg","twitter_site":"@sylvainxperrier","twitter_misc":{"Dur\u00e9e de lecture estim\u00e9e":"1 minute"},"schema":{"@context":"https:\/\/schema.org","@graph":[{"@type":"WebPage","@id":"https:\/\/sylvainperrierfotografi.com\/","url":"https:\/\/sylvainperrierfotografi.com\/","name":"Sylvain Perrier Fotografi - Sylvain Perrier Fotografi","isPartOf":{"@id":"https:\/\/sylvainperrierfotografi.com\/#website"},"primaryImageOfPage":{"@id":"https:\/\/sylvainperrierfotografi.com\/#primaryimage"},"image":{"@id":"https:\/\/sylvainperrierfotografi.com\/#primaryimage"},"thumbnailUrl":"https:\/\/sylvainperrierfotografi.com\/wp-content\/uploads\/photographe-professionnel-gatineau-sylvain-perrier.jpg","datePublished":"2016-04-06T13:00:40+00:00","dateModified":"2025-05-25T01:14:33+00:00","description":"Sylvain Perrier Fotografi Photographe Professionnel \u00e0 Gatineau, services pour particuliers et des services complets pour entreprises.","breadcrumb":{"@id":"https:\/\/sylvainperrierfotografi.com\/#breadcrumb"},"inLanguage":"fr-FR","potentialAction":[{"@type":"ReadAction","target":["https:\/\/sylvainperrierfotografi.com\/"]}]},{"@type":"ImageObject","inLanguage":"fr-FR","@id":"https:\/\/sylvainperrierfotografi.com\/#primaryimage","url":"https:\/\/sylvainperrierfotografi.com\/wp-content\/uploads\/photographe-professionnel-gatineau-sylvain-perrier.jpg","contentUrl":"https:\/\/sylvainperrierfotografi.com\/wp-content\/uploads\/photographe-professionnel-gatineau-sylvain-perrier.jpg","width":1534,"height":1533},{"@type":"BreadcrumbList","@id":"https:\/\/sylvainperrierfotografi.com\/#breadcrumb","itemListElement":[{"@type":"ListItem","position":1,"name":"Accueil","item":"https:\/\/sylvainperrierfotografi.com\/"},{"@type":"ListItem","position":2,"name":"Sylvain Perrier Fotografi"}]},{"@type":"WebSite","@id":"https:\/\/sylvainperrierfotografi.com\/#website","url":"https:\/\/sylvainperrierfotografi.com\/","name":"Sylvain Perrier Fotografi","description":"Photographie d\u2019auteur. Vision. Expositions. Distinctions.","publisher":{"@id":"https:\/\/sylvainperrierfotografi.com\/#\/schema\/person\/16a1e3413a02f0d0c651c262fda244aa"},"potentialAction":[{"@type":"SearchAction","target":{"@type":"EntryPoint","urlTemplate":"https:\/\/sylvainperrierfotografi.com\/?s={search_term_string}"},"query-input":{"@type":"PropertyValueSpecification","valueRequired":true,"valueName":"search_term_string"}}],"inLanguage":"fr-FR"},{"@type":["Person","Organization"],"@id":"https:\/\/sylvainperrierfotografi.com\/#\/schema\/person\/16a1e3413a02f0d0c651c262fda244aa","name":"Sylvain Perrier","image":{"@type":"ImageObject","inLanguage":"fr-FR","@id":"https:\/\/i0.wp.com\/sylvainperrierfotografi.com\/wp-content\/uploads\/cropped-logo.jpg?fit=512%2C512&ssl=1","url":"https:\/\/i0.wp.com\/sylvainperrierfotografi.com\/wp-content\/uploads\/cropped-logo.jpg?fit=512%2C512&ssl=1","contentUrl":"https:\/\/i0.wp.com\/sylvainperrierfotografi.com\/wp-content\/uploads\/cropped-logo.jpg?fit=512%2C512&ssl=1","width":512,"height":512,"caption":"Sylvain Perrier"},"logo":{"@id":"https:\/\/i0.wp.com\/sylvainperrierfotografi.com\/wp-content\/uploads\/cropped-logo.jpg?fit=512%2C512&ssl=1"},"sameAs":["http:\/\/sylvainperrierfotografi.com","https:\/\/www.facebook.com\/SylvainPerrierFotografie","https:\/\/www.instagram.com\/sylvainperrierfotografi\/","https:\/\/www.pinterest.ca\/sylvain_perrier\/","https:\/\/x.com\/sylvainxperrier","https:\/\/myspace.com\/sylvainperrierfotografi","https:\/\/www.youtube.com\/user\/lencadreursylvain\/","https:\/\/soundcloud.com\/user-784627165","https:\/\/www.tumblr.com\/blog\/sylvainperrierfotografi"]}]}},"jetpack_sharing_enabled":false,"jetpack-related-posts":[{"id":10132,"url":"https:\/\/sylvainperrierfotografi.com\/fr\/une-seance-photo-comment-ca-marche-avec-sylvain-perrier-fotografi\/","url_meta":{"origin":712,"position":0},"title":"Une s\u00e9ance photo &#8211; comment \u00e7a marche","author":"Sylvain Perrier","date":"22 juillet 2020","format":false,"excerpt":"Une s\u00e9ance photo - comment \u00e7a marche Une s\u00e9ance photo - comment \u00e7a marche :\u00a0Une s\u00e9ance photo avec Sylvain Perrier est une invitation \u00e0 plonger dans un monde o\u00f9 chaque clich\u00e9 raconte une histoire unique. La pr\u00e9paration est la cl\u00e9 d'une s\u00e9ance r\u00e9ussie, o\u00f9 votre personnalit\u00e9 et vos pr\u00e9f\u00e9rences donnent\u2026","rel":"","context":"Article similaire","block_context":{"text":"Article similaire","link":""},"img":{"alt_text":"","src":"https:\/\/i0.wp.com\/sylvainperrierfotografi.com\/wp-content\/uploads\/faq.jpg?resize=350%2C200&ssl=1","width":350,"height":200,"srcset":"https:\/\/i0.wp.com\/sylvainperrierfotografi.com\/wp-content\/uploads\/faq.jpg?resize=350%2C200&ssl=1 1x, https:\/\/i0.wp.com\/sylvainperrierfotografi.com\/wp-content\/uploads\/faq.jpg?resize=525%2C300&ssl=1 1.5x, https:\/\/i0.wp.com\/sylvainperrierfotografi.com\/wp-content\/uploads\/faq.jpg?resize=700%2C400&ssl=1 2x, https:\/\/i0.wp.com\/sylvainperrierfotografi.com\/wp-content\/uploads\/faq.jpg?resize=1050%2C600&ssl=1 3x, https:\/\/i0.wp.com\/sylvainperrierfotografi.com\/wp-content\/uploads\/faq.jpg?resize=1400%2C800&ssl=1 4x"},"classes":[]},{"id":921,"url":"https:\/\/sylvainperrierfotografi.com\/fr\/sylvain-perrier-photographe-professionnel-a-gatineau\/","url_meta":{"origin":712,"position":1},"title":"Sylvain Perrier \u2014 Photographe d\u2019auteur bas\u00e9 \u00e0 Gatineau","author":"Sylvain Perrier","date":"12 avril 2016","format":false,"excerpt":"\u00c0 propos de Sylvain Perrier \u2014 Photographe d\u2019auteur bas\u00e9 \u00e0 Gatineau Je suis Sylvain Perrier, photographe qu\u00e9b\u00e9cois passionn\u00e9, originaire de Luskville et \u00e9tabli \u00e0 Gatineau. Depuis plus d\u2019une d\u00e9cennie, je vis la photographie comme une aventure humaine et artistique, o\u00f9 chaque projet est un pr\u00e9texte \u00e0 l\u2019\u00e9motion, \u00e0 l\u2019observation et\u2026","rel":"","context":"Article similaire","block_context":{"text":"Article similaire","link":""},"img":{"alt_text":"Sylvain Perrier Photographe Professionnel \u00e0 Gatineau","src":"https:\/\/i0.wp.com\/sylvainperrierfotografi.com\/wp-content\/uploads\/sylvain-perrier-scaled.jpg?resize=350%2C200&ssl=1","width":350,"height":200,"srcset":"https:\/\/i0.wp.com\/sylvainperrierfotografi.com\/wp-content\/uploads\/sylvain-perrier-scaled.jpg?resize=350%2C200&ssl=1 1x, https:\/\/i0.wp.com\/sylvainperrierfotografi.com\/wp-content\/uploads\/sylvain-perrier-scaled.jpg?resize=525%2C300&ssl=1 1.5x, https:\/\/i0.wp.com\/sylvainperrierfotografi.com\/wp-content\/uploads\/sylvain-perrier-scaled.jpg?resize=700%2C400&ssl=1 2x, https:\/\/i0.wp.com\/sylvainperrierfotografi.com\/wp-content\/uploads\/sylvain-perrier-scaled.jpg?resize=1050%2C600&ssl=1 3x, https:\/\/i0.wp.com\/sylvainperrierfotografi.com\/wp-content\/uploads\/sylvain-perrier-scaled.jpg?resize=1400%2C800&ssl=1 4x"},"classes":[]},{"id":1033,"url":"https:\/\/sylvainperrierfotografi.com\/fr\/blogue\/","url_meta":{"origin":712,"position":2},"title":"BLOGUE","author":"Sylvain Perrier","date":"22 avril 2016","format":false,"excerpt":"","rel":"","context":"Article similaire","block_context":{"text":"Article similaire","link":""},"img":{"alt_text":"","src":"","width":0,"height":0},"classes":[]},{"id":989,"url":"https:\/\/sylvainperrierfotografi.com\/fr\/contact\/","url_meta":{"origin":712,"position":3},"title":"Contactez-moi","author":"Sylvain Perrier","date":"22 avril 2016","format":false,"excerpt":"Contactez-moi ! Vous avez une id\u00e9e en t\u00eate ? Un projet photo que vous aimeriez concr\u00e9tiser ? Parfait ! Je suis toujours heureux d\u2019\u00e9changer avec des personnes passionn\u00e9es et cr\u00e9atives. N\u2019h\u00e9sitez pas \u00e0 me contacter pour discuter de vos besoins, poser vos questions ou simplement me faire part de votre\u2026","rel":"","context":"Article similaire","block_context":{"text":"Article similaire","link":""},"img":{"alt_text":"","src":"https:\/\/i0.wp.com\/sylvainperrierfotografi.com\/wp-content\/uploads\/sylvain-perrier-fotografi-contact_s.jpg?resize=350%2C200&ssl=1","width":350,"height":200,"srcset":"https:\/\/i0.wp.com\/sylvainperrierfotografi.com\/wp-content\/uploads\/sylvain-perrier-fotografi-contact_s.jpg?resize=350%2C200&ssl=1 1x, https:\/\/i0.wp.com\/sylvainperrierfotografi.com\/wp-content\/uploads\/sylvain-perrier-fotografi-contact_s.jpg?resize=525%2C300&ssl=1 1.5x, https:\/\/i0.wp.com\/sylvainperrierfotografi.com\/wp-content\/uploads\/sylvain-perrier-fotografi-contact_s.jpg?resize=700%2C400&ssl=1 2x, https:\/\/i0.wp.com\/sylvainperrierfotografi.com\/wp-content\/uploads\/sylvain-perrier-fotografi-contact_s.jpg?resize=1050%2C600&ssl=1 3x, https:\/\/i0.wp.com\/sylvainperrierfotografi.com\/wp-content\/uploads\/sylvain-perrier-fotografi-contact_s.jpg?resize=1400%2C800&ssl=1 4x"},"classes":[]},{"id":9984,"url":"https:\/\/sylvainperrierfotografi.com\/fr\/a-propos-tarifs\/","url_meta":{"origin":712,"position":4},"title":"\u00c0 propos des tarifs","author":"Sylvain Perrier","date":"20 juillet 2020","format":false,"excerpt":"\u00c0 Propos de mes Tarifs de Photographie Je suis d\u00e9termin\u00e9 \u00e0 vous fournir bien plus qu'un simple service de photographie exceptionnel. Mon engagement consiste \u00e0 vous accompagner \u00e0 chaque \u00e9tape de votre projet, en vous offrant des r\u00e9sultats visuels remarquables et un accompagnement sur-mesure, quelles que soient vos attentes en\u2026","rel":"","context":"Article similaire","block_context":{"text":"Article similaire","link":""},"img":{"alt_text":"","src":"https:\/\/i0.wp.com\/sylvainperrierfotografi.com\/wp-content\/uploads\/faq.jpg?resize=350%2C200&ssl=1","width":350,"height":200,"srcset":"https:\/\/i0.wp.com\/sylvainperrierfotografi.com\/wp-content\/uploads\/faq.jpg?resize=350%2C200&ssl=1 1x, https:\/\/i0.wp.com\/sylvainperrierfotografi.com\/wp-content\/uploads\/faq.jpg?resize=525%2C300&ssl=1 1.5x, https:\/\/i0.wp.com\/sylvainperrierfotografi.com\/wp-content\/uploads\/faq.jpg?resize=700%2C400&ssl=1 2x, https:\/\/i0.wp.com\/sylvainperrierfotografi.com\/wp-content\/uploads\/faq.jpg?resize=1050%2C600&ssl=1 3x, https:\/\/i0.wp.com\/sylvainperrierfotografi.com\/wp-content\/uploads\/faq.jpg?resize=1400%2C800&ssl=1 4x"},"classes":[]}],"_links":{"self":[{"href":"https:\/\/sylvainperrierfotografi.com\/fr\/wp-json\/wp\/v2\/pages\/712","targetHints":{"allow":["GET"]}}],"collection":[{"href":"https:\/\/sylvainperrierfotografi.com\/fr\/wp-json\/wp\/v2\/pages"}],"about":[{"href":"https:\/\/sylvainperrierfotografi.com\/fr\/wp-json\/wp\/v2\/types\/page"}],"author":[{"embeddable":true,"href":"https:\/\/sylvainperrierfotografi.com\/fr\/wp-json\/wp\/v2\/users\/1"}],"replies":[{"embeddable":true,"href":"https:\/\/sylvainperrierfotografi.com\/fr\/wp-json\/wp\/v2\/comments?post=712"}],"version-history":[{"count":19,"href":"https:\/\/sylvainperrierfotografi.com\/fr\/wp-json\/wp\/v2\/pages\/712\/revisions"}],"predecessor-version":[{"id":13328,"href":"https:\/\/sylvainperrierfotografi.com\/fr\/wp-json\/wp\/v2\/pages\/712\/revisions\/13328"}],"wp:featuredmedia":[{"embeddable":true,"href":"https:\/\/sylvainperrierfotografi.com\/fr\/wp-json\/wp\/v2\/media\/12910"}],"wp:attachment":[{"href":"https:\/\/sylvainperrierfotografi.com\/fr\/wp-json\/wp\/v2\/media?parent=712"}],"curies":[{"name":"wp","href":"https:\/\/api.w.org\/{rel}","templated":true}]}}